{"id":2456,"date":"2018-02-05T06:08:53","date_gmt":"2018-02-05T05:08:53","guid":{"rendered":"https:\/\/hemi-airsoft.de\/?page_id=2456"},"modified":"2025-02-17T13:50:42","modified_gmt":"2025-02-17T12:50:42","slug":"shop","status":"publish","type":"page","link":"https:\/\/hemi-airsoft.de\/en\/shop\/","title":{"rendered":"Shop"},"content":{"rendered":"<div class=\"wpb-content-wrapper\"><div class=\"vc_row wpb_row vc_row-fluid vc_custom_1738580449834\"><div class=\"wpb_column vc_column_container vc_col-sm-12\"><div class=\"vc_column-inner\"><div class=\"wpb_wrapper\"><div class=\"vc_row wpb_row vc_inner vc_row-fluid\"><div class=\"wpb_column vc_column_container vc_col-sm-12\"><div class=\"vc_column-inner\"><div class=\"wpb_wrapper\">\n\t<div class=\"wpb_text_column wpb_content_element\" >\n\t\t<div class=\"wpb_wrapper\">\n\t\t\t<p style=\"text-align: left;\"><strong>Sales:<br \/>\n<\/strong><br \/>\nCurrently, we only sell from our shop or directly on-site during game days.<\/p>\n<p style=\"text-align: left;\">MO - SA: Opening hours by arrangement<br \/>\nRegular opening hours coming soon<\/p>\n<p style=\"text-align: left;\">For further questions, feel free to contact us at Hemi-airsoft@t-online.de or<br \/>\nvia WhatsApp: +49 1756341325<\/p>\n\n\t\t<\/div>\n\t<\/div>\n<\/div><\/div><\/div><\/div><div class=\"vc_row wpb_row vc_inner vc_row-fluid\"><div class=\"wpb_column vc_column_container vc_col-sm-8\"><div class=\"vc_column-inner\"><div class=\"wpb_wrapper\"><div class=\"wpb_gmaps_widget wpb_content_element\"><div class=\"wpb_wrapper\"><div class=\"wpb_map_wraper\"><iframe src=\"https:\/\/www.google.com\/maps\/embed?pb=!1m18!1m12!1m3!1d2541.6745660711117!2d8.820688999999998!3d50.4285347!2m3!1f0!2f0!3f0!3m2!1i1024!2i768!4f13.1!3m3!1m2!1s0x47bcfb6812d75fa9%3A0xb5d4fd31aac4b09c!2sHeMi-Airsoft!5e0!3m2!1sde!2sde!4v1739445338727!5m2!1sde!2sde\" width=\"600\" height=\"450\" style=\"border:0;\" allowfullscreen=\"\" loading=\"lazy\" referrerpolicy=\"no-referrer-when-downgrade\"><\/iframe><\/div><\/div><\/div><\/div><\/div><\/div><div class=\"wpb_column vc_column_container vc_col-sm-4\"><div class=\"vc_column-inner\"><div class=\"wpb_wrapper\"><\/div><\/div><\/div><\/div><\/div><\/div><\/div><\/div><!-- Row Backgrounds --><div class=\"upb_color\" data-bg-override=\"ex-full\" data-bg-color=\"#000000\" data-fadeout=\"\" data-fadeout-percentage=\"30\" data-parallax-content=\"\" data-parallax-content-sense=\"30\" data-row-effect-mobile-disable=\"true\" data-img-parallax-mobile-disable=\"true\" data-rtl=\"false\"  data-custom-vc-row=\"\"  data-vc=\"8.7.2\"  data-is_old_vc=\"\"  data-theme-support=\"\"   data-overlay=\"false\" data-overlay-color=\"\" data-overlay-pattern=\"\" data-overlay-pattern-opacity=\"\" data-overlay-pattern-size=\"\"    ><\/div>\n<\/div>","protected":false},"excerpt":{"rendered":"<p>Verkauf: Aktuell verkaufen wir nur aus unserem Shop heraus oder an den Spieltagen direkt vor Ort. MO &#8211; SA: \u00d6ffnungszeiten nach Vereinbarung Feste \u00d6ffnungszeiten folgen Bei weiteren Fragen k\u00f6nnt ihr uns unter Hemi-airstoft@t-online.de oder per Whatsapp: +49 1756341325 erreichen.<\/p>","protected":false},"author":1,"featured_media":0,"parent":0,"menu_order":50,"comment_status":"closed","ping_status":"closed","template":"","meta":{"footnotes":""},"class_list":["post-2456","page","type-page","status-publish","hentry","description-off"],"_links":{"self":[{"href":"https:\/\/hemi-airsoft.de\/en\/wp-json\/wp\/v2\/pages\/2456","targetHints":{"allow":["GET"]}}],"collection":[{"href":"https:\/\/hemi-airsoft.de\/en\/wp-json\/wp\/v2\/pages"}],"about":[{"href":"https:\/\/hemi-airsoft.de\/en\/wp-json\/wp\/v2\/types\/page"}],"author":[{"embeddable":true,"href":"https:\/\/hemi-airsoft.de\/en\/wp-json\/wp\/v2\/users\/1"}],"replies":[{"embeddable":true,"href":"https:\/\/hemi-airsoft.de\/en\/wp-json\/wp\/v2\/comments?post=2456"}],"version-history":[{"count":2,"href":"https:\/\/hemi-airsoft.de\/en\/wp-json\/wp\/v2\/pages\/2456\/revisions"}],"predecessor-version":[{"id":2458,"href":"https:\/\/hemi-airsoft.de\/en\/wp-json\/wp\/v2\/pages\/2456\/revisions\/2458"}],"wp:attachment":[{"href":"https:\/\/hemi-airsoft.de\/en\/wp-json\/wp\/v2\/media?parent=2456"}],"curies":[{"name":"wp","href":"https:\/\/api.w.org\/{rel}","templated":true}]}}