{"id":2329,"date":"2018-02-05T06:08:53","date_gmt":"2018-02-05T05:08:53","guid":{"rendered":"https:\/\/dev.root-marketing.de\/?page_id=2329"},"modified":"2025-02-17T13:51:09","modified_gmt":"2025-02-17T12:51:09","slug":"ueber-uns","status":"publish","type":"page","link":"https:\/\/hemi-airsoft.de\/en\/ueber-uns\/","title":{"rendered":"About us"},"content":{"rendered":"<div class=\"wpb-content-wrapper\"><div class=\"vc_row wpb_row vc_row-fluid vc_custom_1738580449834\"><div class=\"wpb_column vc_column_container vc_col-sm-12\"><div class=\"vc_column-inner\"><div class=\"wpb_wrapper\">\n\t<div class=\"wpb_text_column wpb_content_element\" >\n\t\t<div class=\"wpb_wrapper\">\n\t\t\t<p style=\"text-align: left;\">We at HeMi Airsoft are simply different!<\/p>\n<p style=\"text-align: left;\">In times of advancing digitalization and increasing contactlessness, we at HeMi (in the modest Wohnbach in the middle of the Wetterau) have deliberately decided to take a different path.<\/p>\n<p style=\"text-align: left;\">Different, because we ourselves have decades of playing experience and constantly keep up to date with the latest systems, equipment, and trends.<br \/>\nOur advice is primarily focused on fulfilling your wishes. We adapt to all your needs\u2014whether you're a beginner or an experienced player, we are personally available for you on-site.<\/p>\n<p style=\"text-align: left;\">Together with the <a href=\"https:\/\/www.as-hid.de\/\" target=\"_blank\" rel=\"noopener\">Airsoft Sportverein HID e.V.<\/a>\u00a0we regularly organize game days where you can meet us in person.<\/p>\n<p style=\"text-align: left;\">We are simply different<br \/>\nbecause we have made it our mission to personally provide you with all kinds of equipment. You have the opportunity to view the available products in our shop and even try them out directly if needed.<\/p>\n<p style=\"text-align: left;\">When it comes to tuning, repairs\/maintenance, and modifying your airsoft weapons, we rely on decades of practical experience.<\/p>\n<p style=\"text-align: left;\">Want to know why we\u2019re simply different?<br \/>\nCome by and get to know us.<\/p>\n\n\t\t<\/div>\n\t<\/div>\n<div class=\"vc_row wpb_row vc_inner vc_row-fluid\"><div class=\"wpb_column vc_column_container vc_col-sm-12\"><div class=\"vc_column-inner\"><div class=\"wpb_wrapper\"><\/div><\/div><\/div><\/div><\/div><\/div><\/div><\/div><!-- Row Backgrounds --><div class=\"upb_color\" data-bg-override=\"ex-full\" data-bg-color=\"#000000\" data-fadeout=\"\" data-fadeout-percentage=\"30\" data-parallax-content=\"\" data-parallax-content-sense=\"30\" data-row-effect-mobile-disable=\"true\" data-img-parallax-mobile-disable=\"true\" data-rtl=\"false\"  data-custom-vc-row=\"\"  data-vc=\"8.7.2\"  data-is_old_vc=\"\"  data-theme-support=\"\"   data-overlay=\"false\" data-overlay-color=\"\" data-overlay-pattern=\"\" data-overlay-pattern-opacity=\"\" data-overlay-pattern-size=\"\"    ><\/div>\n<\/div>","protected":false},"excerpt":{"rendered":"<p>Wir bei HeMi Airsoft sind einfach anders! In Zeiten der fortschreitenden Digitalisierung und zunehmender Kontaktlosigkeit haben wir von HeMi (im bescheiden Wohnbach mitten in der Wetterau), uns bewusst entschieden, einen anderen Weg zu gehen. Anders, da wir selbst schon Jahrzehntelange Spielerfahrungen haben, und wir uns somit st\u00e4ndig \u00fcber die neuesten Systeme, Ausr\u00fcstungen und Trends informieren.&hellip;<\/p>","protected":false},"author":1,"featured_media":0,"parent":0,"menu_order":50,"comment_status":"closed","ping_status":"closed","template":"","meta":{"footnotes":""},"class_list":["post-2329","page","type-page","status-publish","hentry","description-off"],"_links":{"self":[{"href":"https:\/\/hemi-airsoft.de\/en\/wp-json\/wp\/v2\/pages\/2329","targetHints":{"allow":["GET"]}}],"collection":[{"href":"https:\/\/hemi-airsoft.de\/en\/wp-json\/wp\/v2\/pages"}],"about":[{"href":"https:\/\/hemi-airsoft.de\/en\/wp-json\/wp\/v2\/types\/page"}],"author":[{"embeddable":true,"href":"https:\/\/hemi-airsoft.de\/en\/wp-json\/wp\/v2\/users\/1"}],"replies":[{"embeddable":true,"href":"https:\/\/hemi-airsoft.de\/en\/wp-json\/wp\/v2\/comments?post=2329"}],"version-history":[{"count":20,"href":"https:\/\/hemi-airsoft.de\/en\/wp-json\/wp\/v2\/pages\/2329\/revisions"}],"predecessor-version":[{"id":2459,"href":"https:\/\/hemi-airsoft.de\/en\/wp-json\/wp\/v2\/pages\/2329\/revisions\/2459"}],"wp:attachment":[{"href":"https:\/\/hemi-airsoft.de\/en\/wp-json\/wp\/v2\/media?parent=2329"}],"curies":[{"name":"wp","href":"https:\/\/api.w.org\/{rel}","templated":true}]}}