{"id":19,"date":"2018-02-05T06:09:11","date_gmt":"2018-02-05T11:09:11","guid":{"rendered":"https:\/\/dev.root-marketing.de\/index.php\/contact\/"},"modified":"2025-02-13T12:18:35","modified_gmt":"2025-02-13T11:18:35","slug":"kontakt","status":"publish","type":"page","link":"https:\/\/hemi-airsoft.de\/en\/kontakt\/","title":{"rendered":"Contact us"},"content":{"rendered":"<div class=\"wpb-content-wrapper\"><div class=\"vc_row wpb_row vc_row-fluid vc_custom_1738580572228 vc_row-o-equal-height vc_row-flex\"><div class=\"wpb_column vc_column_container vc_col-sm-5 vc_col-has-fill\"><div class=\"vc_column-inner vc_custom_1737980516929\"><div class=\"wpb_wrapper\"><div id=\"ultimate-heading-494069e0f7588c54c\" class=\"uvc-heading ult-adjust-bottom-margin ultimate-heading-494069e0f7588c54c uvc-2270 accent-icon-color color-title accent-title-color dt-phone\" data-hspacer=\"icon_only\"  data-halign=\"center\" style=\"text-align:center\"><div class=\"uvc-heading-spacer icon_only\" style=\"margin-bottom:10px;\"><div class=\"ult-just-icon-wrapper  \"><div class=\"align-icon\" style=\"text-align:center;\">\n<div class=\"aio-icon none \"  style=\"font-size:32px;display:inline-block;\">\n\t<i class=\"icomoon-fontawesome-16x16-mobile-alt\"><\/i>\n<\/div><\/div><\/div><\/div><div class=\"uvc-sub-heading ult-responsive\"  data-ultimate-target='.uvc-heading.ultimate-heading-494069e0f7588c54c .uvc-sub-heading '  data-responsive-json-new='{\"font-size\":\"desktop:20px;\",\"line-height\":\"desktop:38px;\"}'  style=\"font-weight:bold;margin-bottom:30px;\">(+49) 175 6341325<\/div><\/div><div id=\"ultimate-heading-315769e0f7588c5fb\" class=\"uvc-heading ult-adjust-bottom-margin ultimate-heading-315769e0f7588c5fb uvc-5574 accent-icon-color color-title accent-title-color\" data-hspacer=\"icon_only\"  data-halign=\"center\" style=\"text-align:center\"><div class=\"uvc-heading-spacer icon_only\" style=\"margin-bottom:10px;\"><div class=\"ult-just-icon-wrapper  \"><div class=\"align-icon\" style=\"text-align:center;\">\n<div class=\"aio-icon none \"  style=\"font-size:32px;display:inline-block;\">\n\t<i class=\"icomoon-fontawesome-16x16-envelope\"><\/i>\n<\/div><\/div><\/div><\/div><div class=\"uvc-sub-heading ult-responsive\"  data-ultimate-target='.uvc-heading.ultimate-heading-315769e0f7588c5fb .uvc-sub-heading '  data-responsive-json-new='{\"font-size\":\"desktop:18px;\",\"line-height\":\"desktop:28px;\"}'  style=\"font-weight:bold;margin-bottom:30px;\">hemi-airsoft@t-online.de<\/div><\/div><div id=\"ultimate-heading-520569e0f7588c6c3\" class=\"uvc-heading ult-adjust-bottom-margin ultimate-heading-520569e0f7588c6c3 uvc-2441 accent-icon-color color-title accent-title-color\" data-hspacer=\"icon_only\"  data-halign=\"center\" style=\"text-align:center\"><div class=\"uvc-heading-spacer icon_only\" style=\"margin-bottom:10px;\"><div class=\"ult-just-icon-wrapper  \"><div class=\"align-icon\" style=\"text-align:center;\">\n<div class=\"aio-icon none \"  style=\"font-size:32px;display:inline-block;\">\n\t<i class=\"icomoon-fontawesome-16x16-map-marker-alt\"><\/i>\n<\/div><\/div><\/div><\/div><div class=\"uvc-sub-heading ult-responsive\"  data-ultimate-target='.uvc-heading.ultimate-heading-520569e0f7588c6c3 .uvc-sub-heading '  data-responsive-json-new='{\"font-size\":\"desktop:18px;\",\"line-height\":\"desktop:28px;\"}'  style=\"font-weight:bold;margin-bottom:30px;\">Heike &amp; Michael Schmolke GbR<br \/>\nHeMi-Airsoft<br \/>\nWellerweg 1<br \/>\n61200 W\u00f6lfersheim<\/div><\/div><style type=\"text\/css\" data-type=\"the7_shortcodes-inline-css\">.dt-shortcode-soc-icons.soc-icons-74c410b06c4f55dbdf014c8618579962 a {\n  margin-right: 10px;\n}\n.dt-shortcode-soc-icons a.soc-icons-74c410b06c4f55dbdf014c8618579962 {\n  margin-right: 10px;\n}\n.dt-shortcode-soc-icons a.soc-icons-74c410b06c4f55dbdf014c8618579962:last-child {\n  margin-right: 0;\n}\n.dt-shortcode-soc-icons a.soc-icons-74c410b06c4f55dbdf014c8618579962:before,\n.dt-shortcode-soc-icons a.soc-icons-74c410b06c4f55dbdf014c8618579962:after {\n  padding: inherit;\n}\n.dt-shortcode-soc-icons a.soc-icons-74c410b06c4f55dbdf014c8618579962.dt-icon-border-on:before {\n  border:  solid ;\n}\n.dt-shortcode-soc-icons a.soc-icons-74c410b06c4f55dbdf014c8618579962.dt-icon-hover-border-on:after {\n  border:  solid ;\n}<\/style><div class=\"dt-shortcode-soc-icons  soc-icons-74c410b06c4f55dbdf014c8618579962 soc-icons-center \" ><style type=\"text\/css\" data-type=\"the7_shortcodes-inline-css\">.dt-shortcode-soc-icons a.single-soc-icon-e8b6e8acfb65f0dc32b6d8e887a22dfb {\n  min-width: 40px;\n  min-height: 40px;\n  font-size: 24px;\n  border-radius: 100px;\n}\n.dt-shortcode-soc-icons a.single-soc-icon-e8b6e8acfb65f0dc32b6d8e887a22dfb:last-child {\n  margin-right: 0;\n}\n.dt-shortcode-soc-icons a.single-soc-icon-e8b6e8acfb65f0dc32b6d8e887a22dfb:before,\n.dt-shortcode-soc-icons a.single-soc-icon-e8b6e8acfb65f0dc32b6d8e887a22dfb:after {\n  min-width: 40px;\n  min-height: 40px;\n  padding: inherit;\n}\n.dt-shortcode-soc-icons a.single-soc-icon-e8b6e8acfb65f0dc32b6d8e887a22dfb.dt-icon-border-on:before {\n  border: 3px solid ;\n}\n.dt-shortcode-soc-icons a.single-soc-icon-e8b6e8acfb65f0dc32b6d8e887a22dfb.dt-icon-hover-border-on:after {\n  border: 3px solid ;\n}\n.dt-shortcode-soc-icons a.single-soc-icon-e8b6e8acfb65f0dc32b6d8e887a22dfb:hover {\n  font-size: 24px;\n}\n#page .dt-shortcode-soc-icons a.single-soc-icon-e8b6e8acfb65f0dc32b6d8e887a22dfb:hover .soc-font-icon,\n#phantom .dt-shortcode-soc-icons a.single-soc-icon-e8b6e8acfb65f0dc32b6d8e887a22dfb:hover .soc-font-icon,\n#page .dt-shortcode-soc-icons a.single-soc-icon-e8b6e8acfb65f0dc32b6d8e887a22dfb:hover .soc-icon,\n#phantom .dt-shortcode-soc-icons a.single-soc-icon-e8b6e8acfb65f0dc32b6d8e887a22dfb:hover .soc-icon {\n  color: #ffffff;\n  background: none;\n}\n.dt-shortcode-soc-icons a.single-soc-icon-e8b6e8acfb65f0dc32b6d8e887a22dfb .soc-font-icon,\n.dt-shortcode-soc-icons a.single-soc-icon-e8b6e8acfb65f0dc32b6d8e887a22dfb .soc-icon {\n  font-size: 24px;\n}<\/style><a title=\"Instagram\" href=\"https:\/\/www.instagram.com\/hemi_airsoft\/\" class=\"instagram single-soc-icon-e8b6e8acfb65f0dc32b6d8e887a22dfb dt-icon-bg-off dt-icon-border-on dt-icon-hover-border-on dt-icon-hover-bg-on\"><i class=\"soc-icon soc-font-icon dt-icon-instagram\"><\/i><span class=\"screen-reader-text\">Instagram<\/span><\/a><\/div><\/div><\/div><\/div><div class=\"wpb_column vc_column_container vc_col-sm-7 vc_col-has-fill\"><div class=\"vc_column-inner vc_custom_1737980524333\"><div class=\"wpb_wrapper\"><div id=\"ultimate-heading-233569e0f7588cbf1\" class=\"uvc-heading ult-adjust-bottom-margin ultimate-heading-233569e0f7588cbf1 uvc-3025 accent-border-color\" data-hspacer=\"line_only\"  data-halign=\"center\" style=\"text-align:center\"><div class=\"uvc-main-heading ult-responsive\"  data-ultimate-target='.uvc-heading.ultimate-heading-233569e0f7588cbf1 h2'  data-responsive-json-new='{\"font-size\":\"desktop:34px;mobile_landscape:24px;\",\"line-height\":\"desktop:44px;mobile_landscape:34px;\"}' ><h2 style=\"font-weight:bold;margin-bottom:20px;\">Schreibe uns eine Mail....<\/h2><\/div><div class=\"uvc-heading-spacer line_only\" style=\"margin-bottom:30px;height:4px;\"><span class=\"uvc-headings-line\" style=\"border-style:solid;border-bottom-width:4px;border-color:;width:100px;\"><\/span><\/div><\/div><form class=\"dt-contact-form dt-form privacy-form\" method=\"post\"><input type=\"hidden\" name=\"widget_id\" value=\"presscore-contact-form-widget--1\" \/><input type=\"hidden\" name=\"send_message\" value=\"\" \/><input type=\"hidden\" name=\"security_token\" value=\"d4896842ed03e99603ba\"\/><div class=\"form-fields\"><span class=\"form-name\"><label class=\"assistive-text\">Name *<\/label><input type=\"text\" class=\"validate[required]\" placeholder=\"Name *\" name=\"name\" value=\"\" aria-required=\"true\">\n<\/span><span class=\"form-mail\"><label class=\"assistive-text\">E-mail *<\/label><input type=\"text\" class=\"validate[required,custom[email]]\" placeholder=\"E-mail *\" name=\"email\" value=\"\" aria-required=\"true\">\n<\/span><span class=\"form-telephone\"><label class=\"assistive-text\">Telephone<\/label><input type=\"text\" placeholder=\"Telephone\" name=\"telephone\" value=\"\" aria-required=\"false\">\n<\/span><\/div><span class=\"form-message\"><label class=\"assistive-text\">Message *<\/label><textarea class=\"validate[required]\" placeholder=\"Message *\" name=\"message\" rows=\"6\" aria-required=\"true\"><\/textarea>\n<\/span><p class=\"the7-form-terms-wrap\"><input type=\"checkbox\" id=\"the7-form-terms-030e65da2b1c944090548d36b244b28d\" name=\"terms\" class=\"validate[required] the7-form-terms\" aria-required=\"true\" \/>&nbsp;<label for=\"the7-form-terms-030e65da2b1c944090548d36b244b28d\"><span class=\"form-terms-text\">Ich habe die <a href=\"\/impressum\/\">Datenschutzerkl\u00e4rung<\/a> gelesen und bin damit einverstanden, dass HeMi Airsoft meine Daten zum Zwecke der Kontaktaufnahme verarbeitet. Ein Widerruf meiner Einwilligung ist, wie in der Datenschutzerkl\u00e4rung beschrieben, jederzeit mit Wirkung f\u00fcr die Zukunft m\u00f6glich.<\/span><\/label><\/p><p><a href=\"#\" class=\"dt-btn dt-btn-m dt-btn-submit\" rel=\"nofollow\"><span>Senden<\/span><\/a><input class=\"assistive-text\" type=\"submit\" value=\"submit\"><\/p><\/form>\n<div class=\"wpb_gmaps_widget wpb_content_element vc_custom_1739445513706 wpb_animate_when_almost_visible wpb_fadeIn fadeIn\"><h2 class=\"wpb_heading wpb_map_heading\">Anfahrt<\/h2><div class=\"wpb_wrapper\"><div class=\"wpb_map_wraper\"><iframe src=\"https:\/\/www.google.com\/maps\/embed?pb=!1m18!1m12!1m3!1d2541.6745660711117!2d8.820688999999998!3d50.4285347!2m3!1f0!2f0!3f0!3m2!1i1024!2i768!4f13.1!3m3!1m2!1s0x47bcfb6812d75fa9%3A0xb5d4fd31aac4b09c!2sHeMi-Airsoft!5e0!3m2!1sde!2sde!4v1739445338727!5m2!1sde!2sde\" width=\"600\" height=\"450\" style=\"border:0;\" allowfullscreen=\"\" loading=\"lazy\" referrerpolicy=\"no-referrer-when-downgrade\"><\/iframe><\/div><\/div><\/div><\/div><\/div><\/div><\/div><!-- Row Backgrounds --><div class=\"upb_color\" data-bg-override=\"ex-full\" data-bg-color=\"#000000\" data-fadeout=\"\" data-fadeout-percentage=\"30\" data-parallax-content=\"\" data-parallax-content-sense=\"30\" data-row-effect-mobile-disable=\"true\" data-img-parallax-mobile-disable=\"true\" data-rtl=\"false\"  data-custom-vc-row=\"\"  data-vc=\"8.7.2\"  data-is_old_vc=\"\"  data-theme-support=\"\"   data-overlay=\"false\" data-overlay-color=\"\" data-overlay-pattern=\"\" data-overlay-pattern-opacity=\"\" data-overlay-pattern-size=\"\"    ><\/div>\n<\/div>","protected":false},"excerpt":{"rendered":"<p>(+49) 175 6341325 hemi-airsoft@t-online.de Heike &amp; Michael Schmolke GbR HeMi-Airsoft Wellerweg 1 61200 W\u00f6lfersheimSchreibe uns eine Mail&#8230;.Anfahrt<\/p>","protected":false},"author":1,"featured_media":0,"parent":0,"menu_order":60,"comment_status":"closed","ping_status":"closed","template":"","meta":{"footnotes":""},"class_list":["post-19","page","type-page","status-publish","hentry","description-off"],"_links":{"self":[{"href":"https:\/\/hemi-airsoft.de\/en\/wp-json\/wp\/v2\/pages\/19","targetHints":{"allow":["GET"]}}],"collection":[{"href":"https:\/\/hemi-airsoft.de\/en\/wp-json\/wp\/v2\/pages"}],"about":[{"href":"https:\/\/hemi-airsoft.de\/en\/wp-json\/wp\/v2\/types\/page"}],"author":[{"embeddable":true,"href":"https:\/\/hemi-airsoft.de\/en\/wp-json\/wp\/v2\/users\/1"}],"replies":[{"embeddable":true,"href":"https:\/\/hemi-airsoft.de\/en\/wp-json\/wp\/v2\/comments?post=19"}],"version-history":[{"count":31,"href":"https:\/\/hemi-airsoft.de\/en\/wp-json\/wp\/v2\/pages\/19\/revisions"}],"predecessor-version":[{"id":2442,"href":"https:\/\/hemi-airsoft.de\/en\/wp-json\/wp\/v2\/pages\/19\/revisions\/2442"}],"wp:attachment":[{"href":"https:\/\/hemi-airsoft.de\/en\/wp-json\/wp\/v2\/media?parent=19"}],"curies":[{"name":"wp","href":"https:\/\/api.w.org\/{rel}","templated":true}]}}