{"id":17,"date":"2018-02-05T06:08:53","date_gmt":"2018-02-05T11:08:53","guid":{"rendered":"https:\/\/dev.root-marketing.de\/index.php\/blog\/"},"modified":"2025-01-27T13:46:40","modified_gmt":"2025-01-27T12:46:40","slug":"news","status":"publish","type":"page","link":"https:\/\/hemi-airsoft.de\/en\/news\/","title":{"rendered":"News"},"content":{"rendered":"<div class=\"wpb-content-wrapper\"><div class=\"vc_row wpb_row vc_row-fluid vc_custom_1737619933921\"><div class=\"wpb_column vc_column_container vc_col-sm-12\"><div class=\"vc_column-inner\"><div class=\"wpb_wrapper\"><style type=\"text\/css\" data-type=\"the7_shortcodes-inline-css\">.blog-shortcode.blog-masonry-shortcode-id-0440fcc74e11142e608ba3aa1a3aa1d5.dividers-on.classic-layout-list article {\n  padding-top: 0;\n}\n.blog-shortcode.blog-masonry-shortcode-id-0440fcc74e11142e608ba3aa1a3aa1d5.dividers-on.classic-layout-list article:first-of-type {\n  margin-top: 0;\n  padding-top: 0;\n}\n.blog-shortcode.blog-masonry-shortcode-id-0440fcc74e11142e608ba3aa1a3aa1d5.classic-layout-list.mode-list .post-entry-content {\n  width: calc(100% - );\n}\n.blog-shortcode.blog-masonry-shortcode-id-0440fcc74e11142e608ba3aa1a3aa1d5.classic-layout-list.mode-list .no-img .post-entry-content {\n  width: 100%;\n}\n.blog-shortcode.blog-masonry-shortcode-id-0440fcc74e11142e608ba3aa1a3aa1d5 .filter a,\n.blog-shortcode.blog-masonry-shortcode-id-0440fcc74e11142e608ba3aa1a3aa1d5 .filter a * {\n  color: #ffffff;\n}\n.blog-shortcode.blog-masonry-shortcode-id-0440fcc74e11142e608ba3aa1a3aa1d5 .paginator a,\n.blog-shortcode.blog-masonry-shortcode-id-0440fcc74e11142e608ba3aa1a3aa1d5 .paginator a * {\n  color: #ffffff;\n}\n.blog-shortcode.blog-masonry-shortcode-id-0440fcc74e11142e608ba3aa1a3aa1d5 .paginator .button-load-more {\n  border-color: rgba(255,255,255,0.1);\n}\n.blog-shortcode.blog-masonry-shortcode-id-0440fcc74e11142e608ba3aa1a3aa1d5 .paginator .button-load-more:hover {\n  border-color: rgba(255,255,255,0.21);\n}\n.blog-shortcode.blog-masonry-shortcode-id-0440fcc74e11142e608ba3aa1a3aa1d5 .filter-bg-decoration .filter-categories a.act {\n  color: #fff;\n}\n.blog-shortcode.blog-masonry-shortcode-id-0440fcc74e11142e608ba3aa1a3aa1d5:not(.mode-masonry) article:first-of-type,\n.blog-shortcode.blog-masonry-shortcode-id-0440fcc74e11142e608ba3aa1a3aa1d5:not(.mode-masonry) article.visible.first:not(.product) {\n  margin-top: 0;\n}\n.blog-shortcode.blog-masonry-shortcode-id-0440fcc74e11142e608ba3aa1a3aa1d5.dividers-on:not(.mode-masonry) article {\n  margin-top: 0;\n}\n.blog-shortcode.blog-masonry-shortcode-id-0440fcc74e11142e608ba3aa1a3aa1d5.dividers-on:not(.mode-masonry) article:first-of-type,\n.blog-shortcode.blog-masonry-shortcode-id-0440fcc74e11142e608ba3aa1a3aa1d5.dividers-on:not(.mode-masonry) article.visible.first:not(.product) {\n  margin-top: 0;\n  padding-top: 0;\n}\n.blog-shortcode.blog-masonry-shortcode-id-0440fcc74e11142e608ba3aa1a3aa1d5 .post-thumbnail-wrap {\n  padding: 0px 0px 0px 0px;\n}\n.blog-shortcode.blog-masonry-shortcode-id-0440fcc74e11142e608ba3aa1a3aa1d5.enable-bg-rollover .post-thumbnail-rollover:after {\n  background: -webkit-linear-gradient();\n  background: linear-gradient();\n}\n.blog-shortcode.blog-masonry-shortcode-id-0440fcc74e11142e608ba3aa1a3aa1d5 .gallery-zoom-ico {\n  width: 44px;\n  height: 44px;\n  line-height: 44px;\n  border-radius: 100px;\n  margin: -22px 0 0 -22px;\n  border-width: 0px;\n  color: #ffffff;\n}\n.bottom-overlap-layout-list.blog-shortcode.blog-masonry-shortcode-id-0440fcc74e11142e608ba3aa1a3aa1d5 .gallery-zoom-ico {\n  margin-top: -72px;\n}\n.gradient-overlay-layout-list.blog-shortcode.blog-masonry-shortcode-id-0440fcc74e11142e608ba3aa1a3aa1d5 .gallery-zoom-ico,\n.content-rollover-layout-list.blog-shortcode.blog-masonry-shortcode-id-0440fcc74e11142e608ba3aa1a3aa1d5 .gallery-zoom-ico {\n  margin: 0 0 10px;\n}\n.content-align-center.gradient-overlay-layout-list.blog-shortcode.blog-masonry-shortcode-id-0440fcc74e11142e608ba3aa1a3aa1d5 .gallery-zoom-ico,\n.content-align-center.content-rollover-layout-list.blog-shortcode.blog-masonry-shortcode-id-0440fcc74e11142e608ba3aa1a3aa1d5 .gallery-zoom-ico {\n  margin: 0 auto 10px;\n}\n.dt-icon-bg-on.blog-shortcode.blog-masonry-shortcode-id-0440fcc74e11142e608ba3aa1a3aa1d5 .gallery-zoom-ico {\n  background: rgba(255,255,255,0.3);\n  box-shadow: none;\n}\n.blog-shortcode.blog-masonry-shortcode-id-0440fcc74e11142e608ba3aa1a3aa1d5 .gallery-zoom-ico > span,\n.blog-shortcode.blog-masonry-shortcode-id-0440fcc74e11142e608ba3aa1a3aa1d5 .gallery-zoom-ico:before {\n  font-size: 32px;\n  line-height: 44px;\n}\n.blog-shortcode.blog-masonry-shortcode-id-0440fcc74e11142e608ba3aa1a3aa1d5 .gallery-zoom-ico > span,\n.blog-shortcode.blog-masonry-shortcode-id-0440fcc74e11142e608ba3aa1a3aa1d5 .gallery-zoom-ico:before {\n  color: #ffffff;\n}\n.blog-shortcode.blog-masonry-shortcode-id-0440fcc74e11142e608ba3aa1a3aa1d5 .fancy-date a {\n  background: #dc242d;\n  box-shadow: none;\n}\n.blog-shortcode.blog-masonry-shortcode-id-0440fcc74e11142e608ba3aa1a3aa1d5 .fancy-date a * {\n  color: #ffffff;\n}\n.blog-shortcode.blog-masonry-shortcode-id-0440fcc74e11142e608ba3aa1a3aa1d5 .fancy-date a .entry-month:after,\n.blog-shortcode.blog-masonry-shortcode-id-0440fcc74e11142e608ba3aa1a3aa1d5 .fancy-date a .entry-date:after {\n  background: rgba(255,255,255,0.5);\n  box-shadow: none;\n}\n.blog-shortcode.blog-masonry-shortcode-id-0440fcc74e11142e608ba3aa1a3aa1d5 .entry-title,\n.blog-shortcode.blog-masonry-shortcode-id-0440fcc74e11142e608ba3aa1a3aa1d5.owl-carousel .entry-title {\n  margin-bottom: 5px;\n  font-size: 24px;\n  line-height: 34px;\n  font-weight: bold;\n}\n.blog-shortcode.blog-masonry-shortcode-id-0440fcc74e11142e608ba3aa1a3aa1d5 .entry-meta {\n  margin-bottom: 15px;\n}\n.blog-shortcode.blog-masonry-shortcode-id-0440fcc74e11142e608ba3aa1a3aa1d5 .entry-meta * {\n  color: #FFFFFF;\n}\n.blog-shortcode.blog-masonry-shortcode-id-0440fcc74e11142e608ba3aa1a3aa1d5 .portfolio-categories {\n  margin-bottom: 15px;\n}\n.blog-shortcode.blog-masonry-shortcode-id-0440fcc74e11142e608ba3aa1a3aa1d5 .entry-meta > a:after,\n.blog-shortcode.blog-masonry-shortcode-id-0440fcc74e11142e608ba3aa1a3aa1d5 .entry-meta > span:after {\n  background: #FFFFFF;\n  box-shadow: none;\n}\n.blog-shortcode.blog-masonry-shortcode-id-0440fcc74e11142e608ba3aa1a3aa1d5 .entry-excerpt {\n  margin-bottom: 5px;\n}\n.blog-shortcode.blog-masonry-shortcode-id-0440fcc74e11142e608ba3aa1a3aa1d5 .entry-excerpt * {\n  color: #FFFFFF;\n}\n.blog-shortcode.blog-masonry-shortcode-id-0440fcc74e11142e608ba3aa1a3aa1d5:not(.centered-layout-list) .post-entry-content {\n  padding: 25px 30px 30px 30px;\n}\n.blog-shortcode.blog-masonry-shortcode-id-0440fcc74e11142e608ba3aa1a3aa1d5:not(.centered-layout-list):not(.content-bg-on):not(.mode-list) .no-img .post-entry-content {\n  padding: 0;\n}\n@media screen and (max-width: ) {\n  .blog-shortcode.blog-masonry-shortcode-id-0440fcc74e11142e608ba3aa1a3aa1d5 article {\n    -ms-flex-flow: column nowrap;\n    flex-flow: column nowrap;\n    margin-top: 20px;\n  }\n  .blog-shortcode.blog-masonry-shortcode-id-0440fcc74e11142e608ba3aa1a3aa1d5.dividers-on article {\n    border: none;\n  }\n  .blog-shortcode.blog-masonry-shortcode-id-0440fcc74e11142e608ba3aa1a3aa1d5.content-bg-on.centered-layout-list article {\n    padding: 0;\n  }\n  .blog-shortcode.blog-masonry-shortcode-id-0440fcc74e11142e608ba3aa1a3aa1d5.blog-shortcode.dividers-on article,\n  .blog-shortcode.blog-masonry-shortcode-id-0440fcc74e11142e608ba3aa1a3aa1d5.dividers-on.classic-layout-list article {\n    margin-top: 20px;\n    padding: 0;\n  }\n  .blog-shortcode.blog-masonry-shortcode-id-0440fcc74e11142e608ba3aa1a3aa1d5.blog-shortcode.dividers-on article:first-of-type,\n  .blog-shortcode.blog-masonry-shortcode-id-0440fcc74e11142e608ba3aa1a3aa1d5.dividers-on.classic-layout-list article:first-of-type {\n    padding: 0;\n  }\n  #page .blog-shortcode.blog-masonry-shortcode-id-0440fcc74e11142e608ba3aa1a3aa1d5 .post-thumbnail-wrap,\n  #page .blog-shortcode.blog-masonry-shortcode-id-0440fcc74e11142e608ba3aa1a3aa1d5 .post-entry-content {\n    width: 100%;\n    margin: 0;\n    top: 0;\n  }\n  #page .blog-shortcode.blog-masonry-shortcode-id-0440fcc74e11142e608ba3aa1a3aa1d5 .post-thumbnail-wrap {\n    padding: 0;\n  }\n  #page .blog-shortcode.blog-masonry-shortcode-id-0440fcc74e11142e608ba3aa1a3aa1d5 .post-entry-content:after {\n    display: none;\n  }\n  #page .blog-shortcode.blog-masonry-shortcode-id-0440fcc74e11142e608ba3aa1a3aa1d5 .project-even .post-thumbnail-wrap,\n  #page .blog-shortcode.blog-masonry-shortcode-id-0440fcc74e11142e608ba3aa1a3aa1d5.centered-layout-list .post-thumbnail-wrap {\n    -ms-flex-order: 0;\n    order: 0;\n  }\n  #page .blog-shortcode.blog-masonry-shortcode-id-0440fcc74e11142e608ba3aa1a3aa1d5.centered-layout-list .post-entry-title-content {\n    -ms-flex-order: 1;\n    order: 1;\n    width: 100%;\n    padding: 20px 20px 0;\n  }\n  #page .blog-shortcode.blog-masonry-shortcode-id-0440fcc74e11142e608ba3aa1a3aa1d5.centered-layout-list .post-entry-content {\n    -ms-flex-order: 2;\n    order: 2;\n    padding-top: 0;\n  }\n  #page .blog-shortcode.blog-masonry-shortcode-id-0440fcc74e11142e608ba3aa1a3aa1d5 .fancy-categories {\n    top: 10px;\n    left: 10px;\n    bottom: auto;\n    right: auto;\n  }\n  #page .blog-shortcode.blog-masonry-shortcode-id-0440fcc74e11142e608ba3aa1a3aa1d5 .fancy-date a {\n    top: 10px;\n    right: 10px;\n    left: auto;\n    bottom: auto;\n  }\n  #page .blog-shortcode.blog-masonry-shortcode-id-0440fcc74e11142e608ba3aa1a3aa1d5 .post-entry-content {\n    padding: 20px;\n  }\n  #page .blog-shortcode.blog-masonry-shortcode-id-0440fcc74e11142e608ba3aa1a3aa1d5 .entry-title {\n    margin: 3px 0 5px;\n    font-size: 20px;\n    line-height: 26px;\n  }\n  #page .blog-shortcode.blog-masonry-shortcode-id-0440fcc74e11142e608ba3aa1a3aa1d5 .entry-meta {\n    margin: 5px 0 5px;\n  }\n  #page .blog-shortcode.blog-masonry-shortcode-id-0440fcc74e11142e608ba3aa1a3aa1d5 .entry-excerpt {\n    margin: 15px 0 0;\n  }\n  #page .blog-shortcode.blog-masonry-shortcode-id-0440fcc74e11142e608ba3aa1a3aa1d5 .post-details {\n    margin: 5px 0 10px;\n  }\n  #page .blog-shortcode.blog-masonry-shortcode-id-0440fcc74e11142e608ba3aa1a3aa1d5 .post-details.details-type-link {\n    margin-bottom: 2px;\n  }\n}<\/style><div class=\"blog-shortcode blog-masonry-shortcode-id-0440fcc74e11142e608ba3aa1a3aa1d5 mode-masonry classic-layout-list jquery-filter horizontal-fancy-style dt-icon-bg-off resize-by-browser-width loading-effect-none description-under-image\" data-padding=\"25px\" data-cur-page=\"1\" data-post-limit=\"6\" data-pagination-mode=\"load-more\" aria-live=\"assertive\" data-desktop-columns-num=\"3\" data-v-tablet-columns-num=\"2\" data-h-tablet-columns-num=\"3\" data-phone-columns-num=\"1\" data-width=\"0px\" data-columns=\"0\"><div class=\"iso-container\" ><div class=\"visible wf-cell iso-item\" data-post-id=\"2439\" data-date=\"2025-02-13T12:12:03+01:00\" data-name=\"Wir freuen uns, euch unsere neue Webseite pr\u00e4sentieren zu d\u00fcrfen!\"><article class=\"post project-odd visible no-img post-2439 type-post status-publish format-standard hentry category-allgemein category-1\" data-name=\"Wir freuen uns, euch unsere neue Webseite pr\u00e4sentieren zu d\u00fcrfen!\" data-date=\"2025-02-13T12:12:03+01:00\">\n\n<div class=\"post-entry-content\">\n\n\t<h3 class=\"entry-title\">\n\t\t<a href=\"https:\/\/hemi-airsoft.de\/en\/wir-freuen-uns-euch-unsere-neue-webseite-praesentieren-zu-duerfen\/\" title=\"Wir freuen uns, euch unsere neue Webseite pr\u00e4sentieren zu d\u00fcrfen!\" rel=\"bookmark\">Wir freuen uns, euch unsere neue Webseite pr\u00e4sentieren zu d\u00fcrfen!<\/a>\n\t<\/h3>\n\n\t<div class=\"entry-meta\"><span class=\"category-link\"><a href=\"https:\/\/hemi-airsoft.de\/en\/category\/allgemein\/\" >Allgemein<\/a><\/span><a class=\"author vcard\" href=\"https:\/\/hemi-airsoft.de\/en\/author\/hemi\/\" title=\"View all posts by HeMi\" rel=\"author\">By <span class=\"fn\">HeMi<\/span><\/a><a href=\"https:\/\/hemi-airsoft.de\/en\/2025\/02\/13\/\" title=\"12:12\" class=\"data-link\" rel=\"bookmark\"><time class=\"entry-date updated\" datetime=\"2025-02-13T12:12:03+01:00\">13. February 2025<\/time><\/a><\/div>\n\t<div class=\"entry-excerpt\"><p>Es steckt mehr Arbeit und Herzblut darin, als wir es uns anfangs vorgestellt haben. Umso stolzer sind wir nun, euch das Ergebnis zeigen zu k\u00f6nnen. An dieser Stelle m\u00f6chten wir uns herzlich bedanken: Ein gro\u00dfes Dankesch\u00f6n geht an die Firma root Marketing, die mit uns gemeinsam an der Umsetzung gearbeitet hat. Ebenso m\u00f6chten wir all&hellip;<\/p>\n<\/div>\n\t\n<a href=\"https:\/\/hemi-airsoft.de\/en\/wir-freuen-uns-euch-unsere-neue-webseite-praesentieren-zu-duerfen\/\" class=\"post-details details-type-link\" aria-label=\"Read more about Wir freuen uns, euch unsere neue Webseite pr\u00e4sentieren zu d\u00fcrfen!\">Mehr lesen<i class=\"dt-icon-the7-arrow-03\" aria-hidden=\"true\"><\/i><\/a>\n\n<\/div><\/article><\/div><\/div><!-- iso-container|iso-grid --><div class=\"paginator paginator-more-button\">\n\t\t\t\t<a class=\"button-load-more\" href=\"javascript:void(0);\" data-dt-page=\"1\" ><span class=\"stick\"><\/span><span class=\"stick\"><\/span><span class=\"stick\"><\/span><span class=\"button-caption\">Load more<\/span><\/a>\n\t\t\t<\/div><\/div><\/div><\/div><\/div><\/div><!-- Row Backgrounds --><div class=\"upb_color\" data-bg-override=\"ex-full\" data-bg-color=\"#000000\" data-fadeout=\"\" data-fadeout-percentage=\"30\" data-parallax-content=\"\" data-parallax-content-sense=\"30\" data-row-effect-mobile-disable=\"true\" data-img-parallax-mobile-disable=\"true\" data-rtl=\"false\"  data-custom-vc-row=\"\"  data-vc=\"8.7.2\"  data-is_old_vc=\"\"  data-theme-support=\"\"   data-overlay=\"false\" data-overlay-color=\"\" data-overlay-pattern=\"\" data-overlay-pattern-opacity=\"\" data-overlay-pattern-size=\"\"    ><\/div>\n<\/div>","protected":false},"excerpt":{"rendered":"","protected":false},"author":1,"featured_media":0,"parent":0,"menu_order":50,"comment_status":"closed","ping_status":"closed","template":"","meta":{"footnotes":""},"class_list":["post-17","page","type-page","status-publish","hentry","description-off"],"_links":{"self":[{"href":"https:\/\/hemi-airsoft.de\/en\/wp-json\/wp\/v2\/pages\/17","targetHints":{"allow":["GET"]}}],"collection":[{"href":"https:\/\/hemi-airsoft.de\/en\/wp-json\/wp\/v2\/pages"}],"about":[{"href":"https:\/\/hemi-airsoft.de\/en\/wp-json\/wp\/v2\/types\/page"}],"author":[{"embeddable":true,"href":"https:\/\/hemi-airsoft.de\/en\/wp-json\/wp\/v2\/users\/1"}],"replies":[{"embeddable":true,"href":"https:\/\/hemi-airsoft.de\/en\/wp-json\/wp\/v2\/comments?post=17"}],"version-history":[{"count":20,"href":"https:\/\/hemi-airsoft.de\/en\/wp-json\/wp\/v2\/pages\/17\/revisions"}],"predecessor-version":[{"id":2337,"href":"https:\/\/hemi-airsoft.de\/en\/wp-json\/wp\/v2\/pages\/17\/revisions\/2337"}],"wp:attachment":[{"href":"https:\/\/hemi-airsoft.de\/en\/wp-json\/wp\/v2\/media?parent=17"}],"curies":[{"name":"wp","href":"https:\/\/api.w.org\/{rel}","templated":true}]}}